{"id":170,"date":"2024-02-16T13:15:07","date_gmt":"2024-02-16T13:15:07","guid":{"rendered":"https:\/\/psychotherapie-linnich.de\/?page_id=170"},"modified":"2025-07-30T13:20:58","modified_gmt":"2025-07-30T13:20:58","slug":"impressum","status":"publish","type":"page","link":"https:\/\/psychotherapie-linnich.de\/impressum","title":{"rendered":"Impressum"},"content":{"rendered":"\n<p class=\"has-text-align-center\" style=\"text-decoration:underline\"><strong><strong>Impressum<\/strong><\/strong><\/p>\n\n\n\n<p>Im Folgenden finden Sie Impressum und Disclaimer von Heilpraktikerin Ilona Schm\u00fccker \u2013 Praxis f\u00fcr Beratung und Psychotherapie nach dem Heilpraktikergesetz.<\/p>\n\n\n\n<p><strong>KONTAKTDATEN<\/strong><\/p>\n\n\n\n<p>Ilona Schm\u00fccker<\/p>\n\n\n\n<p>Welzer Stra\u00dfe 24<br>52441 Linnich<br>Telefon: 02462\/9011290<br>Mobil: 0157\/72478300<br>E-Mail: info@psychotherapie-linnich.de<\/p>\n\n\n\n<p><strong>INHABERIN<\/strong><\/p>\n\n\n\n<p>Ilona Schm\u00fccker<\/p>\n\n\n\n<p><strong>UMSATZSTEUER ID<\/strong><\/p>\n\n\n\n<p>Heilkundliche T\u00e4tigkeit ist gem\u00e4\u00df \u00a7 4 Nr. 14 UStG von der Umsatzsteuer befreit. Aus diesem Grund erhebe ich keine Umsatzsteuer und weise diese folglich auch nicht aus.<\/p>\n\n\n\n<p><strong>WIRTSCHAFTS- IDENTIFIKATIONSNUMMER<\/strong><\/p>\n\n\n\n<p>DE435436341<\/p>\n\n\n\n<p><strong>BERUFSBEZEICHNUNG<\/strong><\/p>\n\n\n\n<p>Heilpraktiker f\u00fcr Psychotherapie<br>Erlaubnis zur Aus\u00fcbung der Heilkunde \u2013 beschr\u00e4nkt auf das Gebiet der Psychotherapie \u2013 erteilt am 17.01.2022 durch das Gesundheitsamt der Stadt K\u00f6ln auf der Grundlage des Gesetzes der Bundesrepublik Deutschland \u00fcber die berufsm\u00e4\u00dfige Aus\u00fcbung der Heilkunde ohne Bestallung (Heilpraktikergesetz) BGBl. III 2122-2 und der Durchf\u00fchrungsverordnung zum Heilpraktikergesetz BGBl. III 2122-2-1). <a href=\"http:\/\/www.gesetze-im-internet.de\/heilprg\/index.html\">http:\/\/www.gesetze-im-internet.de\/heilprg\/index.html<\/a><\/p>\n\n\n\n<p><strong>BERUFSORDNUNG<\/strong><\/p>\n\n\n\n<p>Es gilt die <a href=\"https:\/\/www.vfp.de\/images\/stories\/psy-vfp\/downloads\/berufsordnung-1-und-2.pdf\" target=\"_blank\" rel=\"noreferrer noopener\">Berufsordnung<\/a> ( <a href=\"https:\/\/www.vfp.de\/images\/stories\/psy-vfp\/downloads\/berufsordnung-1-und-2.pdf\">https:\/\/www.vfp.de\/images\/stories\/psy-vfp\/downloads\/berufsordnung-1-und-2.pdf<\/a> ) des Verbandes Freier Psychotherapeuten, Heilpraktiker f\u00fcr Psychotherapie und Psychologischer Berater f\u00fcr seine psychotherapeutisch t\u00e4tigen Mitglieder.<\/p>\n\n\n\n<p><strong>AUFSICHTSBEH\u00d6RDE<\/strong><\/p>\n\n\n\n<p>Gesundheitsamt D\u00fcren, Bismarckstra\u00dfe 16; 52351 D\u00fcren, <a href=\"https:\/\/www.kreis-dueren.de\/kreishaus\/amt\/amt53\/index.php\">Kreis D\u00fcren<\/a>.<\/p>\n\n\n\n<p><strong>BERUFSHAFTPFLICHTVERSICHERUNG<\/strong><\/p>\n\n\n\n<p>Versicherungstr\u00e4ger: Die Continentale<\/p>\n\n\n\n<p>Adresse: Ruhrallee 94, 44139 Dortmund, vertreten durch Landesdirektion Wilbrand-Schumacher GmbH, Aachener Str.75 41836 H\u00fcckelhoven<\/p>\n\n\n\n<p>Geltungsbereich der Haftpflicht: Deutschland, Europa (EU und Non-EU)<\/p>\n\n\n\n<p>Gerichtsstand: Deutschland<\/p>\n\n\n\n<p><strong>MIETGILED BEIM BERUFSVERBAND<\/strong><\/p>\n\n\n\n<p>VFP \u2013 Verband freier Psychotherapeuten, Heilpraktiker f\u00fcr Psychotherapie und psychologischer Berater e. V.<\/p>\n\n\n\n<p><strong>VERANTWORTLICH F\u00dcR DIE DATENVERARBEITUNG UND DEN DATENSCHUTZ<\/strong><\/p>\n\n\n\n<ul class=\"wp-block-list\">\n<li>Praxis f\u00fcr Psychotherapie nach Heilpraktikergesetzt<\/li>\n\n\n\n<li>Heilpraktikerin Ilona Schm\u00fccker<\/li>\n<\/ul>\n\n\n\n<p><strong>DESIGN UND GESTALTUNG<\/strong><\/p>\n\n\n\n<p>&nbsp;&nbsp;&nbsp; Inhalt: Ilona Schm\u00fccker<\/p>\n\n\n\n<p>&nbsp;&nbsp;&nbsp; Grafik &amp; Korrektur: Daniel, Baesweiler<\/p>\n\n\n\n<p>&nbsp;&nbsp;&nbsp; Gestaltung Template : Daniel, Baesweiler<\/p>\n\n\n\n<p>&nbsp;&nbsp;&nbsp; Software: WordPress<\/p>\n\n\n\n<p>&nbsp;&nbsp;&nbsp; Bildmaterial: selbst produziert<\/p>\n\n\n\n<p><strong>LIZENZEN UND FREIGABEN<\/strong><\/p>\n\n\n\n<p>Alle Bilder und Grafiken wurden selbst produziert.<\/p>\n\n\n\n<p><strong>VERBRAUCHERSTREITBEILEGUNG<\/strong><\/p>\n\n\n\n<p>Die Europ\u00e4ische Kommission stellt eine Plattform zur Online-Streitbeilegung (OS) bereit: <a href=\"https:\/\/ec.europa.eu\/consumers\/odr.\">https:\/\/ec.europa.eu\/consumers\/odr.<\/a><\/p>\n\n\n\n<p>Wir sind nicht bereit oder verpflichtet, an einem Streitbeilegungsverfahren vor einer Verbraucherschlichtungsstelle teilzunehmen.<\/p>\n\n\n\n<p><strong>HAFTUNGSAUSSCHLUSS<\/strong><\/p>\n\n\n\n<p><strong>Haftung f\u00fcr Inhalte<\/strong><\/p>\n\n\n\n<p>Die Inhalte unserer Seiten wurden mit gr\u00f6\u00dfter Sorgfalt erstellt. F\u00fcr die Richtigkeit, Vollst\u00e4ndigkeit und Aktualit\u00e4t der Inhalte k\u00f6nnen wir jedoch keine Gew\u00e4hr \u00fcbernehmen. Als Diensteanbieter sind wir f\u00fcr eigene Inhalte auf diesen Seiten nach den allgemeinen Gesetzen verantwortlich. Wir sind als Diensteanbieter jedoch nicht verpflichtet, \u00fcbermittelte oder gespeicherte fremde Informationen zu \u00fcberwachen oder nach Umst\u00e4nden zu forschen, die auf eine rechtswidrige T\u00e4tigkeit hinweisen. Verpflichtungen zur Entfernung oder Sperrung der Nutzung von Informationen nach den allgemeinen Gesetzen bleiben hiervon unber\u00fchrt. Eine diesbez\u00fcgliche Haftung ist jedoch erst ab dem Zeitpunkt der Kenntnis einer konkreten Rechtsverletzung m\u00f6glich. Bei Bekanntwerden von entsprechenden Rechtsverletzungen werden wir diese Inhalte umgehend entfernen.<\/p>\n\n\n\n<p><strong>Haftung f\u00fcr Links<\/strong><\/p>\n\n\n\n<p>Unser Angebot enth\u00e4lt Links zu externen Webseiten Dritter, auf deren Inhalte wir keinen Einfluss haben. Deshalb k\u00f6nnen wir f\u00fcr diese fremden Inhalte auch keine Gew\u00e4hr \u00fcbernehmen. F\u00fcr die Inhalte der verlinkten Seiten ist stets der jeweilige Anbieter oder Betreiber der Seiten verantwortlich. Die verlinkten Seiten wurden zum Zeitpunkt der Verlinkung auf m\u00f6gliche Rechtsverst\u00f6\u00dfe \u00fcberpr\u00fcft. Rechtswidrige Inhalte waren zum Zeitpunkt der Verlinkung nicht erkennbar. Eine permanente inhaltliche Kontrolle der verlinkten Seiten ist jedoch ohne konkrete Anhaltspunkte einer Rechtsverletzung nicht zumutbar. Bei Bekanntwerden von Rechtsverletzungen werden wir derartige Links umgehend entfernen.<\/p>\n\n\n\n<p><strong>Urheberrecht<\/strong><\/p>\n\n\n\n<p>Die durch die Seitenbetreiber erstellten Inhalte und Werke auf diesen Seiten unterliegen dem deutschen Urheberrecht. Die Vervielf\u00e4ltigung, Bearbeitung, Verbreitung und jede Art der Verwertung au\u00dferhalb der Grenzen des Urheberrechtes bed\u00fcrfen der schriftlichen Zustimmung des jeweiligen Autors bzw. Erstellers. Downloads und Kopien dieser Seite sind nur f\u00fcr den privaten, nicht kommerziellen Gebrauch gestattet. Soweit die Inhalte auf dieser Seite nicht vom Betreiber erstellt wurden, werden die Urheberrechte Dritter beachtet. Insbesondere werden Inhalte Dritter als solche gekennzeichnet. Sollten Sie trotzdem auf eine Urheberrechtsverletzung aufmerksam werden, bitten wir um einen entsprechenden Hinweis. Bei Bekanntwerden von Rechtsverletzungen werden wir derartige Inhalte umgehend entfernen.<\/p>\n\n\n\n<a href=\"https:\/\/www.doctolib.de\/heilpraktiker-fur-psychotherapie\/linnich\/ilona-schmuecker?utm_campaign=website-button&amp;utm_source=ilona-schmuecker-website-button&amp;utm_medium=referral&amp;utm_content=optin-8&amp;utm_term=ilona-schmuecker\" style=\"position:fixed;z-index:20000;top:320px;right:0;display:block;text-align:center;opacity: 0.85;background-color:#107ACA;color:#ffffff;font-size:14px;overflow:hidden;width:100px;border-radius: 4px 0 0 4px;text-decoration:none;padding:10px;line-height:1.4\" rel=\"noopener noreferrer\" target=\"_blank\"><span style=\"font-size:14px\">Termin<br> online buchen<\/span><img decoding=\"async\" style =\"height:15px;margin-top:10px;vertical-align:middle;width:auto\" src=\"https:\/\/www.doctolib.de\/external_button\/doctolib-white-transparent.png\" alt=\"Doctolib\"><\/a>\n","protected":false},"excerpt":{"rendered":"<p>Impressum Im Folgenden finden Sie Impressum und Disclaimer von Heilpraktikerin Ilona Schm\u00fccker \u2013 Praxis f\u00fcr Beratung und Psychotherapie nach dem Heilpraktikergesetz. KONTAKTDATEN Ilona Schm\u00fccker Welzer Stra\u00dfe 2452441 LinnichTelefon: 02462\/9011290Mobil: 0157\/72478300E-Mail: info@psychotherapie-linnich.de INHABERIN Ilona Schm\u00fccker UMSATZSTEUER ID Heilkundliche T\u00e4tigkeit ist gem\u00e4\u00df \u00a7 4 Nr. 14 UStG von der Umsatzsteuer befreit. Aus diesem Grund erhebe ich keine [&hellip;]<\/p>\n","protected":false},"author":1,"featured_media":0,"parent":0,"menu_order":0,"comment_status":"closed","ping_status":"closed","template":"impressum","meta":{"footnotes":""},"class_list":["post-170","page","type-page","status-publish","hentry"],"translation":{"provider":"WPGlobus","version":"3.0.0","language":"pl","enabled_languages":["en","de","pl"],"languages":{"en":{"title":true,"content":true,"excerpt":false},"de":{"title":false,"content":false,"excerpt":false},"pl":{"title":false,"content":false,"excerpt":false}}},"_links":{"self":[{"href":"https:\/\/psychotherapie-linnich.de\/pl\/wp-json\/wp\/v2\/pages\/170","targetHints":{"allow":["GET"]}}],"collection":[{"href":"https:\/\/psychotherapie-linnich.de\/pl\/wp-json\/wp\/v2\/pages"}],"about":[{"href":"https:\/\/psychotherapie-linnich.de\/pl\/wp-json\/wp\/v2\/types\/page"}],"author":[{"embeddable":true,"href":"https:\/\/psychotherapie-linnich.de\/pl\/wp-json\/wp\/v2\/users\/1"}],"replies":[{"embeddable":true,"href":"https:\/\/psychotherapie-linnich.de\/pl\/wp-json\/wp\/v2\/comments?post=170"}],"version-history":[{"count":9,"href":"https:\/\/psychotherapie-linnich.de\/pl\/wp-json\/wp\/v2\/pages\/170\/revisions"}],"predecessor-version":[{"id":454,"href":"https:\/\/psychotherapie-linnich.de\/pl\/wp-json\/wp\/v2\/pages\/170\/revisions\/454"}],"wp:attachment":[{"href":"https:\/\/psychotherapie-linnich.de\/pl\/wp-json\/wp\/v2\/media?parent=170"}],"curies":[{"name":"wp","href":"https:\/\/api.w.org\/{rel}","templated":true}]}}