{"id":172,"date":"2024-02-16T13:20:13","date_gmt":"2024-02-16T13:20:13","guid":{"rendered":"https:\/\/psychotherapie-linnich.de\/?page_id=172"},"modified":"2024-05-02T14:25:40","modified_gmt":"2024-05-02T14:25:40","slug":"kontaktformular","status":"publish","type":"page","link":"https:\/\/psychotherapie-linnich.de\/kontaktformular","title":{"rendered":"Kontaktformular"},"content":{"rendered":"\n<div class=\"wp-block-media-text alignwide is-stacked-on-mobile\" style=\"grid-template-columns:15% auto\"><figure class=\"wp-block-media-text__media\"><img loading=\"lazy\" decoding=\"async\" width=\"723\" height=\"797\" src=\"https:\/\/psychotherapie-linnich.de\/wp-content\/uploads\/2023\/12\/LOGO.png\" alt=\"\" class=\"wp-image-16 size-full\" srcset=\"https:\/\/psychotherapie-linnich.de\/wp-content\/uploads\/2023\/12\/LOGO.png 723w, https:\/\/psychotherapie-linnich.de\/wp-content\/uploads\/2023\/12\/LOGO-272x300.png 272w\" sizes=\"auto, (max-width: 723px) 100vw, 723px\" \/><\/figure><div class=\"wp-block-media-text__content\">\n<p>Privatpraxis nach Heilpraktikergesetz <br><strong>Ilona Schm\u00fccker<\/strong><\/p>\n\n\n\n<p class=\"has-small-font-size\">Psychotherapie<br>Paartherapie<br>Psychologische Beratung<br>Gruppentherapie<\/p>\n\n\n\n<p class=\"has-small-font-size\">Tel.:02462 9011290<br>Mobil: 015772478300<\/p>\n<\/div><\/div>\n\n\n<style id=\"wpforms-css-vars-414\">\n\t\t\t\t#wpforms-414 {\n\t\t\t\t\n\t\t\t}\n\t\t\t<\/style><div class=\"wpforms-container wpforms-container-full wpforms-render-modern\" id=\"wpforms-414\"><form id=\"wpforms-form-414\" class=\"wpforms-validate wpforms-form wpforms-ajax-form\" data-formid=\"414\" method=\"post\" enctype=\"multipart\/form-data\" action=\"\/pl\/wp-json\/wp\/v2\/pages\/172\" data-token=\"ba0c083f83614df0ef6173442daeeb2d\" data-token-time=\"1775888404\"><noscript class=\"wpforms-error-noscript\">Aby wype\u0142ni\u0107 ten formularz, w\u0142\u0105cz obs\u0142ug\u0119 JavaScript w przegl\u0105darce.<\/noscript><div id=\"wpforms-error-noscript\" style=\"display: none;\">Aby wype\u0142ni\u0107 ten formularz, w\u0142\u0105cz obs\u0142ug\u0119 JavaScript w przegl\u0105darce.<\/div><div class=\"wpforms-field-container\"><div id=\"wpforms-414-field_5-container\" class=\"wpforms-field wpforms-field-name\" data-field-id=\"5\"><fieldset><legend class=\"wpforms-field-label\">Name <span class=\"wpforms-required-label\" aria-hidden=\"true\">*<\/span><\/legend><div class=\"wpforms-field-row wpforms-field-medium\"><div class=\"wpforms-field-row-block wpforms-first wpforms-one-half\"><input type=\"text\" id=\"wpforms-414-field_5\" class=\"wpforms-field-name-first wpforms-field-required\" name=\"wpforms[fields][5][first]\" placeholder=\"Max\" aria-errormessage=\"wpforms-414-field_5-error\" required><label for=\"wpforms-414-field_5\" class=\"wpforms-field-sublabel after wpforms-sublabel-hide\">Pierwszy<\/label><\/div><div class=\"wpforms-field-row-block wpforms-one-half\"><input type=\"text\" id=\"wpforms-414-field_5-last\" class=\"wpforms-field-name-last wpforms-field-required\" name=\"wpforms[fields][5][last]\" placeholder=\"Mustermann\" aria-errormessage=\"wpforms-414-field_5-last-error\" required><label for=\"wpforms-414-field_5-last\" class=\"wpforms-field-sublabel after wpforms-sublabel-hide\">Ostatni<\/label><\/div><\/div><\/fieldset><\/div><div id=\"wpforms-414-field_1-container\" class=\"wpforms-field wpforms-field-email\" data-field-id=\"1\"><label class=\"wpforms-field-label\" for=\"wpforms-414-field_1\">Email <span class=\"wpforms-required-label\" aria-hidden=\"true\">*<\/span><\/label><input type=\"email\" id=\"wpforms-414-field_1\" class=\"wpforms-field-medium wpforms-field-required\" name=\"wpforms[fields][1]\" spellcheck=\"false\" aria-errormessage=\"wpforms-414-field_1-error\" required><\/div><div id=\"wpforms-414-field_3-container\" class=\"wpforms-field wpforms-field-number\" data-field-id=\"3\"><label class=\"wpforms-field-label\" for=\"wpforms-414-field_3\">Telefonnummer<\/label><input type=\"number\" id=\"wpforms-414-field_3\" class=\"wpforms-field-medium\" name=\"wpforms[fields][3]\" step=\"any\" aria-errormessage=\"wpforms-414-field_3-error\" ><\/div><div id=\"wpforms-414-field_2-container\" class=\"wpforms-field wpforms-field-textarea\" data-field-id=\"2\"><label class=\"wpforms-field-label\" for=\"wpforms-414-field_2\">Nachricht <span class=\"wpforms-required-label\" aria-hidden=\"true\">*<\/span><\/label><textarea id=\"wpforms-414-field_2\" class=\"wpforms-field-medium wpforms-field-required\" name=\"wpforms[fields][2]\" aria-errormessage=\"wpforms-414-field_2-error\" required><\/textarea><\/div><div id=\"wpforms-414-field_4-container\" class=\"wpforms-field wpforms-field-checkbox\" data-field-id=\"4\"><fieldset><legend class=\"wpforms-field-label\">Zustimmung <span class=\"wpforms-required-label\" aria-hidden=\"true\">*<\/span><\/legend><ul id=\"wpforms-414-field_4\" class=\"wpforms-field-required\"><li class=\"choice-1 depth-1\"><input type=\"checkbox\" id=\"wpforms-414-field_4_1\" name=\"wpforms[fields][4][]\" value=\"Die im Formular eingegebenen Daten werden mit dem Absenden des Formulars verschl\u00fcsselt per Mail an die Praxis: Psychotherapie-Linnich \u00fcbertragen. Nach der \u00dcbertragung werden die Daten aus dieser Web-Anwendung gel\u00f6scht. Der Nutzer stimmt mit absenden des Formulars diesem Vorgehen zu.\" aria-errormessage=\"wpforms-414-field_4_1-error\" required ><label class=\"wpforms-field-label-inline\" for=\"wpforms-414-field_4_1\">Die im Formular eingegebenen Daten werden mit dem Absenden des Formulars verschl\u00fcsselt per Mail an die Praxis: Psychotherapie-Linnich \u00fcbertragen. Nach der \u00dcbertragung werden die Daten aus dieser Web-Anwendung gel\u00f6scht. Der Nutzer stimmt mit absenden des Formulars diesem Vorgehen zu.<\/label><\/li><\/ul><\/fieldset><\/div><\/div><!-- .wpforms-field-container --><div class=\"wpforms-submit-container\" ><input type=\"hidden\" name=\"wpforms[id]\" value=\"414\"><input type=\"hidden\" name=\"page_title\" value=\"\"><input type=\"hidden\" name=\"page_url\" value=\"https:\/\/psychotherapie-linnich.de\/pl\/wp-json\/wp\/v2\/pages\/172\"><input type=\"hidden\" name=\"url_referer\" value=\"\"><button type=\"submit\" name=\"wpforms[submit]\" id=\"wpforms-submit-414\" class=\"wpforms-submit\" data-alt-text=\"Wird gesendet\" data-submit-text=\"Absenden\" aria-live=\"assertive\" value=\"wpforms-submit\">Absenden<\/button><img loading=\"lazy\" decoding=\"async\" src=\"https:\/\/psychotherapie-linnich.de\/wp-content\/plugins\/wpforms-lite\/assets\/images\/submit-spin.svg\" class=\"wpforms-submit-spinner\" style=\"display: none;\" width=\"26\" height=\"26\" alt=\"Wczytywanie\"><\/div><\/form><\/div>  <!-- .wpforms-container -->\n\n\n\n\n\n<a href=\"https:\/\/www.doctolib.de\/heilpraktiker-fur-psychotherapie\/linnich\/ilona-schmuecker?utm_campaign=website-button&amp;utm_source=ilona-schmuecker-website-button&amp;utm_medium=referral&amp;utm_content=optin-8&amp;utm_term=ilona-schmuecker\" style=\"position:fixed;z-index:20000;top:320px;right:0;display:block;text-align:center;opacity: 0.85;background-color:#107ACA;color:#ffffff;font-size:14px;overflow:hidden;width:100px;border-radius: 4px 0 0 4px;text-decoration:none;padding:10px;line-height:1.4\" rel=\"noopener noreferrer\" target=\"_blank\"><span style=\"font-size:14px\">Termin<br> online buchen<\/span><img decoding=\"async\" style =\"height:15px;margin-top:10px;vertical-align:middle;width:auto\" src=\"https:\/\/www.doctolib.de\/external_button\/doctolib-white-transparent.png\" alt=\"Doctolib\"><\/a>\n\n\n","protected":false},"excerpt":{"rendered":"<p>Privatpraxis nach Heilpraktikergesetz Ilona Schm\u00fccker PsychotherapiePaartherapiePsychologische BeratungGruppentherapie Tel.:02462 9011290Mobil: 015772478300 Termin online buchen<\/p>\n","protected":false},"author":1,"featured_media":0,"parent":0,"menu_order":0,"comment_status":"closed","ping_status":"closed","template":"impressum","meta":{"footnotes":""},"class_list":["post-172","page","type-page","status-publish","hentry"],"translation":{"provider":"WPGlobus","version":"3.0.0","language":"pl","enabled_languages":["en","de","pl"],"languages":{"en":{"title":true,"content":true,"excerpt":false},"de":{"title":false,"content":false,"excerpt":false},"pl":{"title":false,"content":false,"excerpt":false}}},"_links":{"self":[{"href":"https:\/\/psychotherapie-linnich.de\/pl\/wp-json\/wp\/v2\/pages\/172","targetHints":{"allow":["GET"]}}],"collection":[{"href":"https:\/\/psychotherapie-linnich.de\/pl\/wp-json\/wp\/v2\/pages"}],"about":[{"href":"https:\/\/psychotherapie-linnich.de\/pl\/wp-json\/wp\/v2\/types\/page"}],"author":[{"embeddable":true,"href":"https:\/\/psychotherapie-linnich.de\/pl\/wp-json\/wp\/v2\/users\/1"}],"replies":[{"embeddable":true,"href":"https:\/\/psychotherapie-linnich.de\/pl\/wp-json\/wp\/v2\/comments?post=172"}],"version-history":[{"count":14,"href":"https:\/\/psychotherapie-linnich.de\/pl\/wp-json\/wp\/v2\/pages\/172\/revisions"}],"predecessor-version":[{"id":430,"href":"https:\/\/psychotherapie-linnich.de\/pl\/wp-json\/wp\/v2\/pages\/172\/revisions\/430"}],"wp:attachment":[{"href":"https:\/\/psychotherapie-linnich.de\/pl\/wp-json\/wp\/v2\/media?parent=172"}],"curies":[{"name":"wp","href":"https:\/\/api.w.org\/{rel}","templated":true}]}}